{"id":754,"date":"2014-08-04T16:43:20","date_gmt":"2014-08-04T14:43:20","guid":{"rendered":"http:\/\/irs-varv.se\/?page_id=754"},"modified":"2014-08-04T16:44:54","modified_gmt":"2014-08-04T14:44:54","slug":"fakta","status":"publish","type":"page","link":"https:\/\/irs-varv.se\/?page_id=754","title":{"rendered":"Fakta om M\/S Stj\u00e4rnfors"},"content":{"rendered":"<h1>Traktor Lasses lilla b\u00e5t!<\/h1>\n<div id=\"attachment_558\" style=\"width: 383px\" class=\"wp-caption alignleft\"><img loading=\"lazy\" decoding=\"async\" aria-describedby=\"caption-attachment-558\" class=\"size-full wp-image-558 \" alt=\"Stj\u00e4rnfors\" src=\"http:\/\/irs-varv.se\/wp-content\/uploads\/2013\/09\/Stj\u00e4rnfors-Stockholm.jpg\" width=\"373\" height=\"336\" srcset=\"https:\/\/irs-varv.se\/wp-content\/uploads\/2013\/09\/Stj\u00e4rnfors-Stockholm.jpg 373w, https:\/\/irs-varv.se\/wp-content\/uploads\/2013\/09\/Stj\u00e4rnfors-Stockholm-300x270.jpg 300w\" sizes=\"auto, (max-width: 373px) 100vw, 373px\" \/><p id=\"caption-attachment-558\" class=\"wp-caption-text\">M\/S Stj\u00e4rnfors<\/p><\/div>\n<p><strong>Fakta om Stj\u00e4rnfors<\/strong><br \/>\nByggmaterial: Ek i skrov<br \/>\nBygg\u00e5r: 1962<br \/>\nStorlek: 90 bruttoton.<br \/>\nL\u00e4ngd \u00f6ver allt: 22,5 m.<br \/>\nL\u00e4ngd i vattenlinjen: 21 m.<br \/>\nBredd: 6,2 m.<br \/>\nSt\u00f6rsta djup: 3,3 m.<br \/>\nMotor: Detz p\u00e5 550 hkr<br \/>\nElverk: 6 kW<br \/>\nEkonomisk marschfart:<br \/>\n8,5 &#8211; 9 knop<br \/>\n<!-- .entry-header --><\/p>\n<div><\/div>\n<p>&nbsp;<\/p>\n<p>&nbsp;<\/p>\n<p><strong>M\/S Stj\u00e4rnfors, SFHM<\/strong><br \/>\nB\u00e5ten byggdes \u00e5r 1962 i Flekkefjord i Norge.<br \/>\nFiskarbr\u00f6derna Albert och G\u00f6sta Rugner p\u00e5 Vr\u00e5ng\u00f6 utanf\u00f6r G\u00f6teborg, k\u00f6pte henne och gav henne namnet Gullmaren med beteckningen GG 498. Efter n\u00e5gra \u00e5r tog s\u00f6nerna \u00f6ver Gullmaren, och tr\u00e5lade mest sill i Kattegatt med fyra mans bes\u00e4ttning.<br \/>\nGunnar Willhelmsson k\u00f6pte sedan b\u00e5ten 1989, bytte namnet till Stj\u00e4rnfors, med beteckningen LL 394. Nu fiskades mest skaldjur i Skagerack.<br \/>\n\u00c5r 2001 s\u00e5ldes hon igen, denna g\u00e5ngen till Thomas Lund, l\u00e5ssmed i Stockholm.<br \/>\nPlanerna var att inreda lastrummet under d\u00e4ck med byssa, kaptenskoj och allrum.<br \/>\nOch f\u00f6r tider som kommer att kunna driva Catering i Stockholms sk\u00e4rg\u00e5rd, samt<br \/>\natt h\u00e5lla kurser, exempelvis i matlagningskonsten p\u00e5 sj\u00f6n.<br \/>\nNu blev det inte s\u00e5, d\u00e5 tiden inte riktigt r\u00e4ckte till och 2013 \u00f6vertog Traktor Lasse M\/S Stj\u00e4rnfors.<\/p>\n<h1><img loading=\"lazy\" decoding=\"async\" alt=\"Stj\u00e4rnfors\" src=\"http:\/\/www.hff-kajen.se\/bilder\/Stjarnfors_3-bild_520.jpg\" width=\"544\" height=\"537\" \/><\/h1>\n","protected":false},"excerpt":{"rendered":"<p>Traktor Lasses lilla b\u00e5t! Fakta om Stj\u00e4rnfors Byggmaterial: Ek i skrov Bygg\u00e5r: 1962 Storlek: 90 bruttoton. L\u00e4ngd \u00f6ver allt: 22,5 m. L\u00e4ngd i vattenlinjen: 21 m. Bredd: 6,2 m. St\u00f6rsta djup: 3,3 m. Motor: Detz p\u00e5 550 hkr Elverk: 6 &hellip; <a href=\"https:\/\/irs-varv.se\/?page_id=754\">Forts\u00e4tt l\u00e4sa <span class=\"meta-nav\">&rarr;<\/span><\/a><\/p>\n","protected":false},"author":1,"featured_media":0,"parent":560,"menu_order":0,"comment_status":"closed","ping_status":"closed","template":"","meta":{"_monsterinsights_skip_tracking":false,"_monsterinsights_sitenote_active":false,"_monsterinsights_sitenote_note":"","_monsterinsights_sitenote_category":0,"ngg_post_thumbnail":0,"footnotes":""},"class_list":["post-754","page","type-page","status-publish","hentry"],"_links":{"self":[{"href":"https:\/\/irs-varv.se\/index.php?rest_route=\/wp\/v2\/pages\/754","targetHints":{"allow":["GET"]}}],"collection":[{"href":"https:\/\/irs-varv.se\/index.php?rest_route=\/wp\/v2\/pages"}],"about":[{"href":"https:\/\/irs-varv.se\/index.php?rest_route=\/wp\/v2\/types\/page"}],"author":[{"embeddable":true,"href":"https:\/\/irs-varv.se\/index.php?rest_route=\/wp\/v2\/users\/1"}],"replies":[{"embeddable":true,"href":"https:\/\/irs-varv.se\/index.php?rest_route=%2Fwp%2Fv2%2Fcomments&post=754"}],"version-history":[{"count":3,"href":"https:\/\/irs-varv.se\/index.php?rest_route=\/wp\/v2\/pages\/754\/revisions"}],"predecessor-version":[{"id":757,"href":"https:\/\/irs-varv.se\/index.php?rest_route=\/wp\/v2\/pages\/754\/revisions\/757"}],"up":[{"embeddable":true,"href":"https:\/\/irs-varv.se\/index.php?rest_route=\/wp\/v2\/pages\/560"}],"wp:attachment":[{"href":"https:\/\/irs-varv.se\/index.php?rest_route=%2Fwp%2Fv2%2Fmedia&parent=754"}],"curies":[{"name":"wp","href":"https:\/\/api.w.org\/{rel}","templated":true}]}}